{"id":1073,"date":"2026-04-16T11:36:18","date_gmt":"2026-04-16T09:36:18","guid":{"rendered":"https:\/\/www.appartement-schiffer.at\/app\/?page_id=1073"},"modified":"2026-04-16T11:36:19","modified_gmt":"2026-04-16T09:36:19","slug":"faqs-appartements-schiffer","status":"publish","type":"page","link":"https:\/\/www.appartement-schiffer.at\/app\/?page_id=1073","title":{"rendered":"FAQs: Appartements Schiffer"},"content":{"rendered":"\n<p>1. Buchung &amp; Zahlung<\/p>\n\n\n\n<ul class=\"wp-block-list\">\n<li><strong>Wie buche ich verbindlich?<\/strong> Die Buchung erfolgt \u00fcber unsere Website, per Email: <a href=\"mailto:info@appartement-schiffer.at\">info@appartement-schiffer.at<\/a> oder telefonisch: +4366475039911<\/li>\n\n\n\n<li><strong>Wie hoch ist die Anzahlung?<\/strong> Eine Anzahlung von 20% wird bei Buchung f\u00e4llig, der Restbetrag bei Anreise in Bar oder vorab als \u00dcberweisung<\/li>\n\n\n\n<li><strong>Welche Stornierungsbedingungen gelten?<\/strong> Kostenlose Stornierung bis 2 Wochen vor Anreise. Innerhalb der 2 Wochen vor Anreise werden 40% , innerhalb 1 Woche vor Anreise werden 70% des Gesamtpreises verrechnet.\u00a0<\/li>\n<\/ul>\n\n\n\n<p>2. An- und Abreise (Check-in\/Check-out)<\/p>\n\n\n\n<ul class=\"wp-block-list\">\n<li><strong>Ab wann kann ich einchecken?<\/strong> Die Wohnung ist ab 15:00 Uhr bezugsfertig.<\/li>\n\n\n\n<li><strong>Wie erhalte ich den Schl\u00fcssel?<\/strong> Der Schl\u00fcssel\u00fcbergabe erfolgt pers\u00f6nlich vor Ort<\/li>\n\n\n\n<li><strong>Wann muss ich auschecken?<\/strong> Check-out ist bis 10:00 Uhr am Abreisetag.<\/li>\n\n\n\n<li><strong>Ist ein fr\u00fcherer Check-in m\u00f6glich?<\/strong> Nach Absprache, falls die Wohnung bereits bezugsfertig ist<\/li>\n<\/ul>\n\n\n\n<p>3. Ausstattung &amp; Unterkunft<\/p>\n\n\n\n<ul class=\"wp-block-list\">\n<li><strong>Ist WLAN verf\u00fcgbar?<\/strong> Ja, schnelles WLAN ist kostenlos in der gesamten Wohnung verf\u00fcgbar.<\/li>\n\n\n\n<li><strong>Sind Handt\u00fccher und Bettw\u00e4sche inklusive?<\/strong> Ja, die Betten sind bei Ankunft bezogen und Handt\u00fccher liegen bereit.<\/li>\n\n\n\n<li><strong>Ist die K\u00fcche voll ausgestattet?<\/strong> Ja, inklusive 2x Kochfeld, Mini Backofen, K\u00fchlschrank mit Gefrierfach, Wasserkocher, Filterkaffeemaschine und Geschirr<\/li>\n\n\n\n<li><strong>Ist die Wohnung kinderfreundlich?<\/strong> Ja, Reisegitterbett und Hochstuhl k\u00f6nnen auf Anfrage bereitgestellt werden.\u00a0Kinderspielkasten im Treppenhaus vorhanden, zur freien Entnahme<\/li>\n<\/ul>\n\n\n\n<p>4. Hausregeln &amp; Umgebung<\/p>\n\n\n\n<ul class=\"wp-block-list\">\n<li><strong>Sind Haustiere erlaubt?<\/strong> Haustiere sind mit R\u00fccksprache erlaubt, jedoch wird pro Hund und Nacht eine Geb\u00fchr verrechnet.<\/li>\n\n\n\n<li><strong>Darf in der Wohnung geraucht werden?<\/strong> Nein, es handelt sich um eine Nichtraucherwohnung. Rauchen ist auf dem Balkon erlaubt.<\/li>\n\n\n\n<li><strong>Wo kann ich parken?<\/strong> Direkt vor dem Haus befindet sich ein kostenloser Parkplatz f\u00fcr unsere G\u00e4ste.<\/li>\n\n\n\n<li><strong>Wie weit ist es zum n\u00e4chsten Gesch\u00e4ft?<\/strong> Das n\u00e4chste Lebensmittelgesch\u00e4ft ist 11,5 km entfernt, wir empfehlen bei Anreise die notwendigen Sachen einzukaufen.<\/li>\n\n\n\n<li><strong>Wie weit ist die Bushaltestelle entfernt? <\/strong>\u00d6ffentliche Haltestelle ist direkt an der Hauptstra\u00dfe, 200 Meter entfernt.<\/li>\n\n\n\n<li><strong>Wie weit sind die n\u00e4chst gelegenen Aktivit\u00e4ten entfernt?<\/strong> Hochseilpark 1,5 km, Outdoorpark 500 Meter entfernt.<\/li>\n\n\n\n<li><strong>Wo kann ich im Ort Sportartikel \/Skitourenski leihen?<\/strong> Bei Sport Schiffer 1,5 km entfernt<\/li>\n\n\n\n<li><strong>Wo befinden sich die n\u00e4chst gelegenen Restaurants?<\/strong> Diese finden Sie in 150 \u2013 250 Metern Entfernung<\/li>\n<\/ul>\n\n\n\n<p>5. Reinigung<\/p>\n\n\n\n<ul class=\"wp-block-list\">\n<li><strong>Ist die Endreinigung im Preis enthalten?<\/strong> Die Endreinigung ist im Gesamtpreis nicht inbegriffen\u00a0<\/li>\n<\/ul>\n","protected":false},"excerpt":{"rendered":"<p>1. Buchung &amp; Zahlung 2. An- und Abreise (Check-in\/Check-out) 3. Ausstattung &amp; Unterkunft 4. Hausregeln &amp; Umgebung 5. Reinigung<\/p>\n","protected":false},"author":1,"featured_media":0,"parent":0,"menu_order":0,"comment_status":"closed","ping_status":"closed","template":"","meta":{"footnotes":""},"class_list":["post-1073","page","type-page","status-publish","hentry"],"_links":{"self":[{"href":"https:\/\/www.appartement-schiffer.at\/app\/index.php?rest_route=\/wp\/v2\/pages\/1073","targetHints":{"allow":["GET"]}}],"collection":[{"href":"https:\/\/www.appartement-schiffer.at\/app\/index.php?rest_route=\/wp\/v2\/pages"}],"about":[{"href":"https:\/\/www.appartement-schiffer.at\/app\/index.php?rest_route=\/wp\/v2\/types\/page"}],"author":[{"embeddable":true,"href":"https:\/\/www.appartement-schiffer.at\/app\/index.php?rest_route=\/wp\/v2\/users\/1"}],"replies":[{"embeddable":true,"href":"https:\/\/www.appartement-schiffer.at\/app\/index.php?rest_route=%2Fwp%2Fv2%2Fcomments&post=1073"}],"version-history":[{"count":1,"href":"https:\/\/www.appartement-schiffer.at\/app\/index.php?rest_route=\/wp\/v2\/pages\/1073\/revisions"}],"predecessor-version":[{"id":1075,"href":"https:\/\/www.appartement-schiffer.at\/app\/index.php?rest_route=\/wp\/v2\/pages\/1073\/revisions\/1075"}],"wp:attachment":[{"href":"https:\/\/www.appartement-schiffer.at\/app\/index.php?rest_route=%2Fwp%2Fv2%2Fmedia&parent=1073"}],"curies":[{"name":"wp","href":"https:\/\/api.w.org\/{rel}","templated":true}]}}