{"id":292,"date":"2020-01-17T08:21:20","date_gmt":"2020-01-17T07:21:20","guid":{"rendered":"http:\/\/www.appartement-schiffer.at\/app\/?page_id=292"},"modified":"2022-01-24T13:28:52","modified_gmt":"2022-01-24T12:28:52","slug":"appartement-103","status":"publish","type":"page","link":"https:\/\/www.appartement-schiffer.at\/app\/?page_id=292","title":{"rendered":"Appartement 101"},"content":{"rendered":"\n<p><strong>Kapazit\u00e4t max: <\/strong>4 Personen, ca. 40 m\u00b2, 1. Obergeschoss<\/p>\n\n\n\n<p><strong>K\u00fcche: <\/strong>mit 2x Kochfeld, Mini Backofen, Schr\u00e4nke, K\u00fchlschrank mit Gefrierfach, Wasserkocher und Geschirr<\/p>\n\n\n\n<p><strong>Bad:<\/strong> mit Badewanne und Waschbecken<\/p>\n\n\n\n<p><strong>Toilette:<\/strong> separat<\/p>\n\n\n\n<p><strong>Wohn- und Essraum:<\/strong> kombiniert mit Esstisch, Garderobe und SAT-TV<\/p>\n\n\n\n<p><strong>Schlafzimmer:<\/strong> 1 Doppelbett, separates Kinderschlafzimmer mit 1 Stockbett<\/p>\n\n\n\n<p>Balkon, Elektroheizung, gratis W-LAN<\/p>\n\n\n\n<p><\/p>\n\n\n\n<div class=\"wp-block-button aligncenter\"><a class=\"wp-block-button__link has-very-light-gray-color has-vivid-cyan-blue-background-color has-text-color has-background\" href=\"https:\/\/www.appartement-schiffer.at\/app\/?page_id=599\" style=\"border-radius:10px\">Jetzt buchen<\/a><\/div>\n\n\n\n<p><\/p>\n\n\n\n<div class=\"wp-block-glsb-gosign-gallery-box-block gosign-gallery-box-block-container\"><div class=\"gosign-gallery-box-block\" data-slick=\"{&quot;slidesToShow&quot;:1,&quot;slidesToScroll&quot;:1,&quot;arrows&quot;:true,&quot;dots&quot;:true,&quot;speed&quot;:500,&quot;infinite&quot;:true,&quot;autoplay&quot;:true,&quot;autoplaySpeed&quot;:2600}\"><div class=\"gallery-box-item\"><img loading=\"lazy\" decoding=\"async\" width=\"1024\" height=\"684\" src=\"http:\/\/www.appartement-schiffer.at\/app\/wp-content\/uploads\/2020\/01\/20170823-unbenannt-1119-Bearbeitet_compressed-1024x684.jpg\" alt=\"\" data-id=\"115\" data-link=\"https:\/\/www.appartement-schiffer.at\/app\/?attachment_id=115\" class=\"wp-image-115\" srcset=\"https:\/\/www.appartement-schiffer.at\/app\/wp-content\/uploads\/2020\/01\/20170823-unbenannt-1119-Bearbeitet_compressed-1024x684.jpg 1024w, https:\/\/www.appartement-schiffer.at\/app\/wp-content\/uploads\/2020\/01\/20170823-unbenannt-1119-Bearbeitet_compressed-300x200.jpg 300w, https:\/\/www.appartement-schiffer.at\/app\/wp-content\/uploads\/2020\/01\/20170823-unbenannt-1119-Bearbeitet_compressed-768x513.jpg 768w, https:\/\/www.appartement-schiffer.at\/app\/wp-content\/uploads\/2020\/01\/20170823-unbenannt-1119-Bearbeitet_compressed-1536x1026.jpg 1536w, https:\/\/www.appartement-schiffer.at\/app\/wp-content\/uploads\/2020\/01\/20170823-unbenannt-1119-Bearbeitet_compressed.jpg 1920w\" sizes=\"auto, (max-width: 1024px) 100vw, 1024px\" \/><\/div><div class=\"gallery-box-item\"><img loading=\"lazy\" decoding=\"async\" width=\"1024\" height=\"684\" src=\"http:\/\/www.appartement-schiffer.at\/app\/wp-content\/uploads\/2020\/01\/20170823-unbenannt-1120-Bearbeitet_compressed-1024x684.jpg\" alt=\"\" data-id=\"116\" data-link=\"https:\/\/www.appartement-schiffer.at\/app\/?attachment_id=116\" class=\"wp-image-116\" srcset=\"https:\/\/www.appartement-schiffer.at\/app\/wp-content\/uploads\/2020\/01\/20170823-unbenannt-1120-Bearbeitet_compressed-1024x684.jpg 1024w, https:\/\/www.appartement-schiffer.at\/app\/wp-content\/uploads\/2020\/01\/20170823-unbenannt-1120-Bearbeitet_compressed-300x200.jpg 300w, https:\/\/www.appartement-schiffer.at\/app\/wp-content\/uploads\/2020\/01\/20170823-unbenannt-1120-Bearbeitet_compressed-768x513.jpg 768w, https:\/\/www.appartement-schiffer.at\/app\/wp-content\/uploads\/2020\/01\/20170823-unbenannt-1120-Bearbeitet_compressed-1536x1026.jpg 1536w, https:\/\/www.appartement-schiffer.at\/app\/wp-content\/uploads\/2020\/01\/20170823-unbenannt-1120-Bearbeitet_compressed.jpg 1920w\" sizes=\"auto, (max-width: 1024px) 100vw, 1024px\" \/><\/div><div class=\"gallery-box-item\"><img loading=\"lazy\" decoding=\"async\" width=\"1024\" height=\"684\" src=\"http:\/\/www.appartement-schiffer.at\/app\/wp-content\/uploads\/2020\/01\/20170823-unbenannt-1127-Bearbeitet_compressed-1024x684.jpg\" alt=\"\" data-id=\"117\" data-link=\"https:\/\/www.appartement-schiffer.at\/app\/?attachment_id=117\" class=\"wp-image-117\" srcset=\"https:\/\/www.appartement-schiffer.at\/app\/wp-content\/uploads\/2020\/01\/20170823-unbenannt-1127-Bearbeitet_compressed-1024x684.jpg 1024w, https:\/\/www.appartement-schiffer.at\/app\/wp-content\/uploads\/2020\/01\/20170823-unbenannt-1127-Bearbeitet_compressed-300x200.jpg 300w, https:\/\/www.appartement-schiffer.at\/app\/wp-content\/uploads\/2020\/01\/20170823-unbenannt-1127-Bearbeitet_compressed-768x513.jpg 768w, https:\/\/www.appartement-schiffer.at\/app\/wp-content\/uploads\/2020\/01\/20170823-unbenannt-1127-Bearbeitet_compressed-1536x1026.jpg 1536w, https:\/\/www.appartement-schiffer.at\/app\/wp-content\/uploads\/2020\/01\/20170823-unbenannt-1127-Bearbeitet_compressed.jpg 1920w\" sizes=\"auto, (max-width: 1024px) 100vw, 1024px\" \/><\/div><div class=\"gallery-box-item\"><img loading=\"lazy\" decoding=\"async\" width=\"1024\" height=\"684\" src=\"http:\/\/www.appartement-schiffer.at\/app\/wp-content\/uploads\/2020\/01\/20170823-unbenannt-1129-Bearbeitet_compressed-1024x684.jpg\" alt=\"\" data-id=\"118\" data-link=\"https:\/\/www.appartement-schiffer.at\/app\/?attachment_id=118\" class=\"wp-image-118\" srcset=\"https:\/\/www.appartement-schiffer.at\/app\/wp-content\/uploads\/2020\/01\/20170823-unbenannt-1129-Bearbeitet_compressed-1024x684.jpg 1024w, https:\/\/www.appartement-schiffer.at\/app\/wp-content\/uploads\/2020\/01\/20170823-unbenannt-1129-Bearbeitet_compressed-300x200.jpg 300w, https:\/\/www.appartement-schiffer.at\/app\/wp-content\/uploads\/2020\/01\/20170823-unbenannt-1129-Bearbeitet_compressed-768x513.jpg 768w, https:\/\/www.appartement-schiffer.at\/app\/wp-content\/uploads\/2020\/01\/20170823-unbenannt-1129-Bearbeitet_compressed-1536x1026.jpg 1536w, https:\/\/www.appartement-schiffer.at\/app\/wp-content\/uploads\/2020\/01\/20170823-unbenannt-1129-Bearbeitet_compressed.jpg 1920w\" sizes=\"auto, (max-width: 1024px) 100vw, 1024px\" \/><\/div><div class=\"gallery-box-item\"><img loading=\"lazy\" decoding=\"async\" width=\"1024\" height=\"684\" src=\"http:\/\/www.appartement-schiffer.at\/app\/wp-content\/uploads\/2020\/01\/20170823-unbenannt-1144-Bearbeitet-1-1024x684.jpg\" alt=\"\" data-id=\"71\" data-link=\"https:\/\/www.appartement-schiffer.at\/app\/?attachment_id=71\" class=\"wp-image-71\" srcset=\"https:\/\/www.appartement-schiffer.at\/app\/wp-content\/uploads\/2020\/01\/20170823-unbenannt-1144-Bearbeitet-1-1024x684.jpg 1024w, https:\/\/www.appartement-schiffer.at\/app\/wp-content\/uploads\/2020\/01\/20170823-unbenannt-1144-Bearbeitet-1-300x200.jpg 300w, https:\/\/www.appartement-schiffer.at\/app\/wp-content\/uploads\/2020\/01\/20170823-unbenannt-1144-Bearbeitet-1-768x513.jpg 768w, https:\/\/www.appartement-schiffer.at\/app\/wp-content\/uploads\/2020\/01\/20170823-unbenannt-1144-Bearbeitet-1-1536x1026.jpg 1536w, https:\/\/www.appartement-schiffer.at\/app\/wp-content\/uploads\/2020\/01\/20170823-unbenannt-1144-Bearbeitet-1.jpg 1920w\" sizes=\"auto, (max-width: 1024px) 100vw, 1024px\" \/><\/div><div class=\"gallery-box-item\"><img loading=\"lazy\" decoding=\"async\" width=\"1024\" height=\"684\" src=\"http:\/\/www.appartement-schiffer.at\/app\/wp-content\/uploads\/2020\/01\/20170823-unbenannt-1155-Bearbeitet_compressed-1024x684.jpg\" alt=\"\" data-id=\"125\" data-link=\"https:\/\/www.appartement-schiffer.at\/app\/?attachment_id=125\" class=\"wp-image-125\" srcset=\"https:\/\/www.appartement-schiffer.at\/app\/wp-content\/uploads\/2020\/01\/20170823-unbenannt-1155-Bearbeitet_compressed-1024x684.jpg 1024w, https:\/\/www.appartement-schiffer.at\/app\/wp-content\/uploads\/2020\/01\/20170823-unbenannt-1155-Bearbeitet_compressed-300x200.jpg 300w, https:\/\/www.appartement-schiffer.at\/app\/wp-content\/uploads\/2020\/01\/20170823-unbenannt-1155-Bearbeitet_compressed-768x513.jpg 768w, https:\/\/www.appartement-schiffer.at\/app\/wp-content\/uploads\/2020\/01\/20170823-unbenannt-1155-Bearbeitet_compressed-1536x1026.jpg 1536w, https:\/\/www.appartement-schiffer.at\/app\/wp-content\/uploads\/2020\/01\/20170823-unbenannt-1155-Bearbeitet_compressed.jpg 1920w\" sizes=\"auto, (max-width: 1024px) 100vw, 1024px\" \/><\/div><div class=\"gallery-box-item\"><img loading=\"lazy\" decoding=\"async\" width=\"682\" height=\"1024\" src=\"http:\/\/www.appartement-schiffer.at\/app\/wp-content\/uploads\/2021\/12\/Kueche-101-neu-682x1024.jpg\" alt=\"\" data-id=\"810\" data-link=\"https:\/\/www.appartement-schiffer.at\/app\/?attachment_id=810\" class=\"wp-image-810\" srcset=\"https:\/\/www.appartement-schiffer.at\/app\/wp-content\/uploads\/2021\/12\/Kueche-101-neu-682x1024.jpg 682w, https:\/\/www.appartement-schiffer.at\/app\/wp-content\/uploads\/2021\/12\/Kueche-101-neu-200x300.jpg 200w, https:\/\/www.appartement-schiffer.at\/app\/wp-content\/uploads\/2021\/12\/Kueche-101-neu-768x1154.jpg 768w, https:\/\/www.appartement-schiffer.at\/app\/wp-content\/uploads\/2021\/12\/Kueche-101-neu-1022x1536.jpg 1022w, https:\/\/www.appartement-schiffer.at\/app\/wp-content\/uploads\/2021\/12\/Kueche-101-neu-1363x2048.jpg 1363w, https:\/\/www.appartement-schiffer.at\/app\/wp-content\/uploads\/2021\/12\/Kueche-101-neu-scaled.jpg 1704w\" sizes=\"auto, (max-width: 682px) 100vw, 682px\" \/><\/div><\/div><div class=\"gosign-gallery-box-thumbnail\" data-slick=\"{&quot;slidesToShow&quot;:3,&quot;slidesToScroll&quot;:1,&quot;arrows&quot;:true,&quot;dots&quot;:false,&quot;infinite&quot;:true,&quot;autoplay&quot;:true,&quot;autoplaySpeed&quot;:2600,&quot;asNavFor&quot;:&quot;.gosign-gallery-box-block&quot;,&quot;focusOnSelect&quot;:true,&quot;variableWidth&quot;:true}\"><div class=\"gallery-thumbnail-item\"><img loading=\"lazy\" decoding=\"async\" width=\"1024\" height=\"684\" src=\"http:\/\/www.appartement-schiffer.at\/app\/wp-content\/uploads\/2020\/01\/20170823-unbenannt-1119-Bearbeitet_compressed-1024x684.jpg\" alt=\"\" data-id=\"115\" data-link=\"https:\/\/www.appartement-schiffer.at\/app\/?attachment_id=115\" class=\"wp-image-115\" srcset=\"https:\/\/www.appartement-schiffer.at\/app\/wp-content\/uploads\/2020\/01\/20170823-unbenannt-1119-Bearbeitet_compressed-1024x684.jpg 1024w, https:\/\/www.appartement-schiffer.at\/app\/wp-content\/uploads\/2020\/01\/20170823-unbenannt-1119-Bearbeitet_compressed-300x200.jpg 300w, https:\/\/www.appartement-schiffer.at\/app\/wp-content\/uploads\/2020\/01\/20170823-unbenannt-1119-Bearbeitet_compressed-768x513.jpg 768w, https:\/\/www.appartement-schiffer.at\/app\/wp-content\/uploads\/2020\/01\/20170823-unbenannt-1119-Bearbeitet_compressed-1536x1026.jpg 1536w, https:\/\/www.appartement-schiffer.at\/app\/wp-content\/uploads\/2020\/01\/20170823-unbenannt-1119-Bearbeitet_compressed.jpg 1920w\" sizes=\"auto, (max-width: 1024px) 100vw, 1024px\" \/><\/div><div class=\"gallery-thumbnail-item\"><img loading=\"lazy\" decoding=\"async\" width=\"1024\" height=\"684\" src=\"http:\/\/www.appartement-schiffer.at\/app\/wp-content\/uploads\/2020\/01\/20170823-unbenannt-1120-Bearbeitet_compressed-1024x684.jpg\" alt=\"\" data-id=\"116\" data-link=\"https:\/\/www.appartement-schiffer.at\/app\/?attachment_id=116\" class=\"wp-image-116\" srcset=\"https:\/\/www.appartement-schiffer.at\/app\/wp-content\/uploads\/2020\/01\/20170823-unbenannt-1120-Bearbeitet_compressed-1024x684.jpg 1024w, https:\/\/www.appartement-schiffer.at\/app\/wp-content\/uploads\/2020\/01\/20170823-unbenannt-1120-Bearbeitet_compressed-300x200.jpg 300w, https:\/\/www.appartement-schiffer.at\/app\/wp-content\/uploads\/2020\/01\/20170823-unbenannt-1120-Bearbeitet_compressed-768x513.jpg 768w, https:\/\/www.appartement-schiffer.at\/app\/wp-content\/uploads\/2020\/01\/20170823-unbenannt-1120-Bearbeitet_compressed-1536x1026.jpg 1536w, https:\/\/www.appartement-schiffer.at\/app\/wp-content\/uploads\/2020\/01\/20170823-unbenannt-1120-Bearbeitet_compressed.jpg 1920w\" sizes=\"auto, (max-width: 1024px) 100vw, 1024px\" \/><\/div><div class=\"gallery-thumbnail-item\"><img loading=\"lazy\" decoding=\"async\" width=\"1024\" height=\"684\" src=\"http:\/\/www.appartement-schiffer.at\/app\/wp-content\/uploads\/2020\/01\/20170823-unbenannt-1127-Bearbeitet_compressed-1024x684.jpg\" alt=\"\" data-id=\"117\" data-link=\"https:\/\/www.appartement-schiffer.at\/app\/?attachment_id=117\" class=\"wp-image-117\" srcset=\"https:\/\/www.appartement-schiffer.at\/app\/wp-content\/uploads\/2020\/01\/20170823-unbenannt-1127-Bearbeitet_compressed-1024x684.jpg 1024w, https:\/\/www.appartement-schiffer.at\/app\/wp-content\/uploads\/2020\/01\/20170823-unbenannt-1127-Bearbeitet_compressed-300x200.jpg 300w, https:\/\/www.appartement-schiffer.at\/app\/wp-content\/uploads\/2020\/01\/20170823-unbenannt-1127-Bearbeitet_compressed-768x513.jpg 768w, https:\/\/www.appartement-schiffer.at\/app\/wp-content\/uploads\/2020\/01\/20170823-unbenannt-1127-Bearbeitet_compressed-1536x1026.jpg 1536w, https:\/\/www.appartement-schiffer.at\/app\/wp-content\/uploads\/2020\/01\/20170823-unbenannt-1127-Bearbeitet_compressed.jpg 1920w\" sizes=\"auto, (max-width: 1024px) 100vw, 1024px\" \/><\/div><div class=\"gallery-thumbnail-item\"><img loading=\"lazy\" decoding=\"async\" width=\"1024\" height=\"684\" src=\"http:\/\/www.appartement-schiffer.at\/app\/wp-content\/uploads\/2020\/01\/20170823-unbenannt-1129-Bearbeitet_compressed-1024x684.jpg\" alt=\"\" data-id=\"118\" data-link=\"https:\/\/www.appartement-schiffer.at\/app\/?attachment_id=118\" class=\"wp-image-118\" srcset=\"https:\/\/www.appartement-schiffer.at\/app\/wp-content\/uploads\/2020\/01\/20170823-unbenannt-1129-Bearbeitet_compressed-1024x684.jpg 1024w, https:\/\/www.appartement-schiffer.at\/app\/wp-content\/uploads\/2020\/01\/20170823-unbenannt-1129-Bearbeitet_compressed-300x200.jpg 300w, https:\/\/www.appartement-schiffer.at\/app\/wp-content\/uploads\/2020\/01\/20170823-unbenannt-1129-Bearbeitet_compressed-768x513.jpg 768w, https:\/\/www.appartement-schiffer.at\/app\/wp-content\/uploads\/2020\/01\/20170823-unbenannt-1129-Bearbeitet_compressed-1536x1026.jpg 1536w, https:\/\/www.appartement-schiffer.at\/app\/wp-content\/uploads\/2020\/01\/20170823-unbenannt-1129-Bearbeitet_compressed.jpg 1920w\" sizes=\"auto, (max-width: 1024px) 100vw, 1024px\" \/><\/div><div class=\"gallery-thumbnail-item\"><img loading=\"lazy\" decoding=\"async\" width=\"1024\" height=\"684\" src=\"http:\/\/www.appartement-schiffer.at\/app\/wp-content\/uploads\/2020\/01\/20170823-unbenannt-1144-Bearbeitet-1-1024x684.jpg\" alt=\"\" data-id=\"71\" data-link=\"https:\/\/www.appartement-schiffer.at\/app\/?attachment_id=71\" class=\"wp-image-71\" srcset=\"https:\/\/www.appartement-schiffer.at\/app\/wp-content\/uploads\/2020\/01\/20170823-unbenannt-1144-Bearbeitet-1-1024x684.jpg 1024w, https:\/\/www.appartement-schiffer.at\/app\/wp-content\/uploads\/2020\/01\/20170823-unbenannt-1144-Bearbeitet-1-300x200.jpg 300w, https:\/\/www.appartement-schiffer.at\/app\/wp-content\/uploads\/2020\/01\/20170823-unbenannt-1144-Bearbeitet-1-768x513.jpg 768w, https:\/\/www.appartement-schiffer.at\/app\/wp-content\/uploads\/2020\/01\/20170823-unbenannt-1144-Bearbeitet-1-1536x1026.jpg 1536w, https:\/\/www.appartement-schiffer.at\/app\/wp-content\/uploads\/2020\/01\/20170823-unbenannt-1144-Bearbeitet-1.jpg 1920w\" sizes=\"auto, (max-width: 1024px) 100vw, 1024px\" \/><\/div><div class=\"gallery-thumbnail-item\"><img loading=\"lazy\" decoding=\"async\" width=\"1024\" height=\"684\" src=\"http:\/\/www.appartement-schiffer.at\/app\/wp-content\/uploads\/2020\/01\/20170823-unbenannt-1155-Bearbeitet_compressed-1024x684.jpg\" alt=\"\" data-id=\"125\" data-link=\"https:\/\/www.appartement-schiffer.at\/app\/?attachment_id=125\" class=\"wp-image-125\" srcset=\"https:\/\/www.appartement-schiffer.at\/app\/wp-content\/uploads\/2020\/01\/20170823-unbenannt-1155-Bearbeitet_compressed-1024x684.jpg 1024w, https:\/\/www.appartement-schiffer.at\/app\/wp-content\/uploads\/2020\/01\/20170823-unbenannt-1155-Bearbeitet_compressed-300x200.jpg 300w, https:\/\/www.appartement-schiffer.at\/app\/wp-content\/uploads\/2020\/01\/20170823-unbenannt-1155-Bearbeitet_compressed-768x513.jpg 768w, https:\/\/www.appartement-schiffer.at\/app\/wp-content\/uploads\/2020\/01\/20170823-unbenannt-1155-Bearbeitet_compressed-1536x1026.jpg 1536w, https:\/\/www.appartement-schiffer.at\/app\/wp-content\/uploads\/2020\/01\/20170823-unbenannt-1155-Bearbeitet_compressed.jpg 1920w\" sizes=\"auto, (max-width: 1024px) 100vw, 1024px\" \/><\/div><div class=\"gallery-thumbnail-item\"><img loading=\"lazy\" decoding=\"async\" width=\"682\" height=\"1024\" src=\"http:\/\/www.appartement-schiffer.at\/app\/wp-content\/uploads\/2021\/12\/Kueche-101-neu-682x1024.jpg\" alt=\"\" data-id=\"810\" data-link=\"https:\/\/www.appartement-schiffer.at\/app\/?attachment_id=810\" class=\"wp-image-810\" srcset=\"https:\/\/www.appartement-schiffer.at\/app\/wp-content\/uploads\/2021\/12\/Kueche-101-neu-682x1024.jpg 682w, https:\/\/www.appartement-schiffer.at\/app\/wp-content\/uploads\/2021\/12\/Kueche-101-neu-200x300.jpg 200w, https:\/\/www.appartement-schiffer.at\/app\/wp-content\/uploads\/2021\/12\/Kueche-101-neu-768x1154.jpg 768w, https:\/\/www.appartement-schiffer.at\/app\/wp-content\/uploads\/2021\/12\/Kueche-101-neu-1022x1536.jpg 1022w, https:\/\/www.appartement-schiffer.at\/app\/wp-content\/uploads\/2021\/12\/Kueche-101-neu-1363x2048.jpg 1363w, https:\/\/www.appartement-schiffer.at\/app\/wp-content\/uploads\/2021\/12\/Kueche-101-neu-scaled.jpg 1704w\" sizes=\"auto, (max-width: 682px) 100vw, 682px\" \/><\/div><\/div><\/div>\n\n\n\n<div class=\"wp-block-columns is-layout-flex wp-container-core-columns-is-layout-9d6595d7 wp-block-columns-is-layout-flex\">\n<div class=\"wp-block-column is-layout-flow wp-block-column-is-layout-flow\">\n<h4 class=\"wp-block-heading\"><br><\/h4>\n\n\n\n<p><\/p>\n\n\n\n<p><\/p>\n\n\n\n<p><\/p>\n\n\n\n<p><\/p>\n\n\n\n<p><\/p>\n\n\n\n<p><\/p>\n\n\n\n<p><\/p>\n\n\n\n<p><!--EndFragment--><\/p>\n<\/div>\n\n\n\n<div class=\"wp-block-column is-layout-flow wp-block-column-is-layout-flow\">\n<h4 class=\"wp-block-heading\"><br><\/h4>\n\n\n\n<p><br><\/p>\n\n\n\n<p><br><\/p>\n\n\n\n<p><\/p>\n\n\n\n<p><\/p>\n\n\n\n<p><\/p>\n<\/div>\n<\/div>\n\n\n\n<p><\/p>\n\n\n\n<div class=\"wp-block-button aligncenter\"><a class=\"wp-block-button__link has-vivid-cyan-blue-background-color has-background\" href=\"https:\/\/web4.deskline.net\/accoktn\/de\/accommodation\/detail\/KTN\/3801c6d8-e928-4b23-ba33-270c163c149c\/appartements_schiffer_kremserwirt?customToolboxHide=true&amp;lkcs=02LIMA021\" style=\"border-radius:10px\">Jetzt buchen<\/a><\/div>\n\n\n\n<p><\/p>\n","protected":false},"excerpt":{"rendered":"<p>Kapazit\u00e4t max: 4 Personen, ca. 40 m\u00b2, 1. Obergeschoss K\u00fcche: mit 2x Kochfeld, Mini Backofen, Schr\u00e4nke, K\u00fchlschrank mit Gefrierfach, Wasserkocher und Geschirr Bad: mit Badewanne und Waschbecken Toilette: separat Wohn- und Essraum: kombiniert mit Esstisch, Garderobe und SAT-TV Schlafzimmer: 1 Doppelbett, separates Kinderschlafzimmer mit 1 Stockbett Balkon, Elektroheizung, gratis W-LAN<\/p>\n","protected":false},"author":1,"featured_media":0,"parent":87,"menu_order":0,"comment_status":"closed","ping_status":"closed","template":"","meta":{"footnotes":""},"class_list":["post-292","page","type-page","status-publish","hentry"],"_links":{"self":[{"href":"https:\/\/www.appartement-schiffer.at\/app\/index.php?rest_route=\/wp\/v2\/pages\/292","targetHints":{"allow":["GET"]}}],"collection":[{"href":"https:\/\/www.appartement-schiffer.at\/app\/index.php?rest_route=\/wp\/v2\/pages"}],"about":[{"href":"https:\/\/www.appartement-schiffer.at\/app\/index.php?rest_route=\/wp\/v2\/types\/page"}],"author":[{"embeddable":true,"href":"https:\/\/www.appartement-schiffer.at\/app\/index.php?rest_route=\/wp\/v2\/users\/1"}],"replies":[{"embeddable":true,"href":"https:\/\/www.appartement-schiffer.at\/app\/index.php?rest_route=%2Fwp%2Fv2%2Fcomments&post=292"}],"version-history":[{"count":39,"href":"https:\/\/www.appartement-schiffer.at\/app\/index.php?rest_route=\/wp\/v2\/pages\/292\/revisions"}],"predecessor-version":[{"id":840,"href":"https:\/\/www.appartement-schiffer.at\/app\/index.php?rest_route=\/wp\/v2\/pages\/292\/revisions\/840"}],"up":[{"embeddable":true,"href":"https:\/\/www.appartement-schiffer.at\/app\/index.php?rest_route=\/wp\/v2\/pages\/87"}],"wp:attachment":[{"href":"https:\/\/www.appartement-schiffer.at\/app\/index.php?rest_route=%2Fwp%2Fv2%2Fmedia&parent=292"}],"curies":[{"name":"wp","href":"https:\/\/api.w.org\/{rel}","templated":true}]}}