{"id":298,"date":"2020-01-17T08:22:19","date_gmt":"2020-01-17T07:22:19","guid":{"rendered":"http:\/\/www.appartement-schiffer.at\/app\/?page_id=298"},"modified":"2022-01-24T13:35:58","modified_gmt":"2022-01-24T12:35:58","slug":"appartement-75","status":"publish","type":"page","link":"https:\/\/www.appartement-schiffer.at\/app\/?page_id=298","title":{"rendered":"Appartement 75"},"content":{"rendered":"\n<p> Dieses Appartement befindet sich in einem anderen Haus, etwa 1,5 km entfernt direkt im Zentrum von Innerkrems. <\/p>\n\n\n\n<p><strong>Kapazit\u00e4t max: <\/strong>5 Personen,ca. 45 m\u00b2,1.Untergeschoss<\/p>\n\n\n\n<p><strong>K\u00fcche:<\/strong> kombiniert mit  Essbereich und Wohnraum, 2x Kochfeld, Schr\u00e4nke, K\u00fchlschrank mit  Gefrierfach, Filter Kaffeemaschine, Wasserkocher und Geschirr<\/p>\n\n\n\n<p><strong>Bad:<\/strong> mit Badewanne-Waschbecken und Toilette<\/p>\n\n\n\n<p><strong>Wohnzimmer:<\/strong> Sitzgarnitur, ausziehbare Couch und TV<\/p>\n\n\n\n<p><strong>Vorraum:<\/strong> mit GarderobeSchlafzimmer:mit 1 Einzelbett und 1 Stockbett; Balkon, Elektroheizung<\/p>\n\n\n\n<div class=\"wp-block-button aligncenter\"><a class=\"wp-block-button__link has-vivid-cyan-blue-background-color has-background\" href=\"https:\/\/www.appartement-schiffer.at\/app\/?page_id=599\" style=\"border-radius:10px\">Jetzt buchen<\/a><\/div>\n\n\n\n<p> <\/p>\n\n\n\n<div class=\"wp-block-glsb-gosign-gallery-box-block gosign-gallery-box-block-container\"><div class=\"gosign-gallery-box-block\" data-slick=\"{&quot;slidesToShow&quot;:1,&quot;slidesToScroll&quot;:1,&quot;arrows&quot;:true,&quot;dots&quot;:true,&quot;speed&quot;:500,&quot;infinite&quot;:true,&quot;autoplay&quot;:true,&quot;autoplaySpeed&quot;:3000}\"><div class=\"gallery-box-item\"><img loading=\"lazy\" decoding=\"async\" width=\"1024\" height=\"684\" src=\"http:\/\/www.appartement-schiffer.at\/app\/wp-content\/uploads\/2020\/01\/20170823-unbenannt-1312-Bearbeitet_compressed-1-1024x684.jpg\" alt=\"\" data-id=\"254\" data-link=\"http:\/\/www.appartement-schiffer.at\/app\/?attachment_id=254\" class=\"wp-image-254\" srcset=\"https:\/\/www.appartement-schiffer.at\/app\/wp-content\/uploads\/2020\/01\/20170823-unbenannt-1312-Bearbeitet_compressed-1-1024x684.jpg 1024w, https:\/\/www.appartement-schiffer.at\/app\/wp-content\/uploads\/2020\/01\/20170823-unbenannt-1312-Bearbeitet_compressed-1-300x200.jpg 300w, https:\/\/www.appartement-schiffer.at\/app\/wp-content\/uploads\/2020\/01\/20170823-unbenannt-1312-Bearbeitet_compressed-1-768x513.jpg 768w, https:\/\/www.appartement-schiffer.at\/app\/wp-content\/uploads\/2020\/01\/20170823-unbenannt-1312-Bearbeitet_compressed-1-1536x1026.jpg 1536w, https:\/\/www.appartement-schiffer.at\/app\/wp-content\/uploads\/2020\/01\/20170823-unbenannt-1312-Bearbeitet_compressed-1.jpg 1920w\" sizes=\"auto, (max-width: 1024px) 100vw, 1024px\" \/><\/div><div class=\"gallery-box-item\"><img loading=\"lazy\" decoding=\"async\" width=\"1024\" height=\"684\" src=\"http:\/\/www.appartement-schiffer.at\/app\/wp-content\/uploads\/2020\/01\/20170823-unbenannt-1314-Bearbeitet_compressed-1-1024x684.jpg\" alt=\"\" data-id=\"255\" data-link=\"http:\/\/www.appartement-schiffer.at\/app\/?attachment_id=255\" class=\"wp-image-255\" srcset=\"https:\/\/www.appartement-schiffer.at\/app\/wp-content\/uploads\/2020\/01\/20170823-unbenannt-1314-Bearbeitet_compressed-1-1024x684.jpg 1024w, https:\/\/www.appartement-schiffer.at\/app\/wp-content\/uploads\/2020\/01\/20170823-unbenannt-1314-Bearbeitet_compressed-1-300x200.jpg 300w, https:\/\/www.appartement-schiffer.at\/app\/wp-content\/uploads\/2020\/01\/20170823-unbenannt-1314-Bearbeitet_compressed-1-768x513.jpg 768w, https:\/\/www.appartement-schiffer.at\/app\/wp-content\/uploads\/2020\/01\/20170823-unbenannt-1314-Bearbeitet_compressed-1-1536x1026.jpg 1536w, https:\/\/www.appartement-schiffer.at\/app\/wp-content\/uploads\/2020\/01\/20170823-unbenannt-1314-Bearbeitet_compressed-1.jpg 1920w\" sizes=\"auto, (max-width: 1024px) 100vw, 1024px\" \/><\/div><div class=\"gallery-box-item\"><img loading=\"lazy\" decoding=\"async\" width=\"1024\" height=\"684\" src=\"http:\/\/www.appartement-schiffer.at\/app\/wp-content\/uploads\/2020\/01\/20170823-unbenannt-1310-Bearbeitet_compressed-1-1024x684.jpg\" alt=\"\" data-id=\"253\" data-link=\"http:\/\/www.appartement-schiffer.at\/app\/?attachment_id=253\" class=\"wp-image-253\" srcset=\"https:\/\/www.appartement-schiffer.at\/app\/wp-content\/uploads\/2020\/01\/20170823-unbenannt-1310-Bearbeitet_compressed-1-1024x684.jpg 1024w, https:\/\/www.appartement-schiffer.at\/app\/wp-content\/uploads\/2020\/01\/20170823-unbenannt-1310-Bearbeitet_compressed-1-300x200.jpg 300w, https:\/\/www.appartement-schiffer.at\/app\/wp-content\/uploads\/2020\/01\/20170823-unbenannt-1310-Bearbeitet_compressed-1-768x513.jpg 768w, https:\/\/www.appartement-schiffer.at\/app\/wp-content\/uploads\/2020\/01\/20170823-unbenannt-1310-Bearbeitet_compressed-1-1536x1026.jpg 1536w, https:\/\/www.appartement-schiffer.at\/app\/wp-content\/uploads\/2020\/01\/20170823-unbenannt-1310-Bearbeitet_compressed-1.jpg 1920w\" sizes=\"auto, (max-width: 1024px) 100vw, 1024px\" \/><\/div><div class=\"gallery-box-item\"><img loading=\"lazy\" decoding=\"async\" width=\"1024\" height=\"684\" src=\"http:\/\/www.appartement-schiffer.at\/app\/wp-content\/uploads\/2020\/01\/20170823-unbenannt-1316-Bearbeitet_compressed-1-1024x684.jpg\" alt=\"\" data-id=\"256\" data-link=\"http:\/\/www.appartement-schiffer.at\/app\/?attachment_id=256\" class=\"wp-image-256\" srcset=\"https:\/\/www.appartement-schiffer.at\/app\/wp-content\/uploads\/2020\/01\/20170823-unbenannt-1316-Bearbeitet_compressed-1-1024x684.jpg 1024w, https:\/\/www.appartement-schiffer.at\/app\/wp-content\/uploads\/2020\/01\/20170823-unbenannt-1316-Bearbeitet_compressed-1-300x200.jpg 300w, https:\/\/www.appartement-schiffer.at\/app\/wp-content\/uploads\/2020\/01\/20170823-unbenannt-1316-Bearbeitet_compressed-1-768x513.jpg 768w, https:\/\/www.appartement-schiffer.at\/app\/wp-content\/uploads\/2020\/01\/20170823-unbenannt-1316-Bearbeitet_compressed-1-1536x1026.jpg 1536w, https:\/\/www.appartement-schiffer.at\/app\/wp-content\/uploads\/2020\/01\/20170823-unbenannt-1316-Bearbeitet_compressed-1.jpg 1920w\" sizes=\"auto, (max-width: 1024px) 100vw, 1024px\" \/><\/div><div class=\"gallery-box-item\"><img loading=\"lazy\" decoding=\"async\" width=\"1024\" height=\"684\" src=\"http:\/\/www.appartement-schiffer.at\/app\/wp-content\/uploads\/2020\/01\/20170823-unbenannt-1298-Bearbeitet_compressed-1-1024x684.jpg\" alt=\"\" data-id=\"248\" data-link=\"http:\/\/www.appartement-schiffer.at\/app\/?attachment_id=248\" class=\"wp-image-248\" srcset=\"https:\/\/www.appartement-schiffer.at\/app\/wp-content\/uploads\/2020\/01\/20170823-unbenannt-1298-Bearbeitet_compressed-1-1024x684.jpg 1024w, https:\/\/www.appartement-schiffer.at\/app\/wp-content\/uploads\/2020\/01\/20170823-unbenannt-1298-Bearbeitet_compressed-1-300x200.jpg 300w, https:\/\/www.appartement-schiffer.at\/app\/wp-content\/uploads\/2020\/01\/20170823-unbenannt-1298-Bearbeitet_compressed-1-768x513.jpg 768w, https:\/\/www.appartement-schiffer.at\/app\/wp-content\/uploads\/2020\/01\/20170823-unbenannt-1298-Bearbeitet_compressed-1-1536x1026.jpg 1536w, https:\/\/www.appartement-schiffer.at\/app\/wp-content\/uploads\/2020\/01\/20170823-unbenannt-1298-Bearbeitet_compressed-1.jpg 1920w\" sizes=\"auto, (max-width: 1024px) 100vw, 1024px\" \/><\/div><div class=\"gallery-box-item\"><img loading=\"lazy\" decoding=\"async\" width=\"1024\" height=\"684\" src=\"http:\/\/www.appartement-schiffer.at\/app\/wp-content\/uploads\/2020\/01\/20170823-unbenannt-1291-Bearbeitet_compressed-1-1024x684.jpg\" alt=\"\" data-id=\"247\" data-link=\"http:\/\/www.appartement-schiffer.at\/app\/?attachment_id=247\" class=\"wp-image-247\" srcset=\"https:\/\/www.appartement-schiffer.at\/app\/wp-content\/uploads\/2020\/01\/20170823-unbenannt-1291-Bearbeitet_compressed-1-1024x684.jpg 1024w, https:\/\/www.appartement-schiffer.at\/app\/wp-content\/uploads\/2020\/01\/20170823-unbenannt-1291-Bearbeitet_compressed-1-300x200.jpg 300w, https:\/\/www.appartement-schiffer.at\/app\/wp-content\/uploads\/2020\/01\/20170823-unbenannt-1291-Bearbeitet_compressed-1-768x513.jpg 768w, https:\/\/www.appartement-schiffer.at\/app\/wp-content\/uploads\/2020\/01\/20170823-unbenannt-1291-Bearbeitet_compressed-1-1536x1026.jpg 1536w, https:\/\/www.appartement-schiffer.at\/app\/wp-content\/uploads\/2020\/01\/20170823-unbenannt-1291-Bearbeitet_compressed-1.jpg 1920w\" sizes=\"auto, (max-width: 1024px) 100vw, 1024px\" \/><\/div><div class=\"gallery-box-item\"><img loading=\"lazy\" decoding=\"async\" width=\"1024\" height=\"684\" src=\"http:\/\/www.appartement-schiffer.at\/app\/wp-content\/uploads\/2020\/01\/20170823-unbenannt-1306-Bearbeitet_compressed-1-1024x684.jpg\" alt=\"\" data-id=\"251\" data-link=\"http:\/\/www.appartement-schiffer.at\/app\/?attachment_id=251\" class=\"wp-image-251\" srcset=\"https:\/\/www.appartement-schiffer.at\/app\/wp-content\/uploads\/2020\/01\/20170823-unbenannt-1306-Bearbeitet_compressed-1-1024x684.jpg 1024w, https:\/\/www.appartement-schiffer.at\/app\/wp-content\/uploads\/2020\/01\/20170823-unbenannt-1306-Bearbeitet_compressed-1-300x200.jpg 300w, https:\/\/www.appartement-schiffer.at\/app\/wp-content\/uploads\/2020\/01\/20170823-unbenannt-1306-Bearbeitet_compressed-1-768x513.jpg 768w, https:\/\/www.appartement-schiffer.at\/app\/wp-content\/uploads\/2020\/01\/20170823-unbenannt-1306-Bearbeitet_compressed-1-1536x1026.jpg 1536w, https:\/\/www.appartement-schiffer.at\/app\/wp-content\/uploads\/2020\/01\/20170823-unbenannt-1306-Bearbeitet_compressed-1.jpg 1920w\" sizes=\"auto, (max-width: 1024px) 100vw, 1024px\" \/><\/div><div class=\"gallery-box-item\"><img loading=\"lazy\" decoding=\"async\" width=\"1024\" height=\"684\" src=\"http:\/\/www.appartement-schiffer.at\/app\/wp-content\/uploads\/2020\/01\/20170823-unbenannt-1301-Bearbeitet_compressed-1-1024x684.jpg\" alt=\"\" data-id=\"250\" data-link=\"http:\/\/www.appartement-schiffer.at\/app\/?attachment_id=250\" class=\"wp-image-250\" srcset=\"https:\/\/www.appartement-schiffer.at\/app\/wp-content\/uploads\/2020\/01\/20170823-unbenannt-1301-Bearbeitet_compressed-1-1024x684.jpg 1024w, https:\/\/www.appartement-schiffer.at\/app\/wp-content\/uploads\/2020\/01\/20170823-unbenannt-1301-Bearbeitet_compressed-1-300x200.jpg 300w, https:\/\/www.appartement-schiffer.at\/app\/wp-content\/uploads\/2020\/01\/20170823-unbenannt-1301-Bearbeitet_compressed-1-768x513.jpg 768w, https:\/\/www.appartement-schiffer.at\/app\/wp-content\/uploads\/2020\/01\/20170823-unbenannt-1301-Bearbeitet_compressed-1-1536x1026.jpg 1536w, https:\/\/www.appartement-schiffer.at\/app\/wp-content\/uploads\/2020\/01\/20170823-unbenannt-1301-Bearbeitet_compressed-1.jpg 1920w\" sizes=\"auto, (max-width: 1024px) 100vw, 1024px\" \/><\/div><div class=\"gallery-box-item\"><img loading=\"lazy\" decoding=\"async\" width=\"1024\" height=\"684\" src=\"http:\/\/www.appartement-schiffer.at\/app\/wp-content\/uploads\/2020\/01\/20170823-unbenannt-1307-Bearbeitet_compressed-1-1024x684.jpg\" alt=\"\" data-id=\"252\" data-link=\"http:\/\/www.appartement-schiffer.at\/app\/?attachment_id=252\" class=\"wp-image-252\" srcset=\"https:\/\/www.appartement-schiffer.at\/app\/wp-content\/uploads\/2020\/01\/20170823-unbenannt-1307-Bearbeitet_compressed-1-1024x684.jpg 1024w, https:\/\/www.appartement-schiffer.at\/app\/wp-content\/uploads\/2020\/01\/20170823-unbenannt-1307-Bearbeitet_compressed-1-300x200.jpg 300w, https:\/\/www.appartement-schiffer.at\/app\/wp-content\/uploads\/2020\/01\/20170823-unbenannt-1307-Bearbeitet_compressed-1-768x513.jpg 768w, https:\/\/www.appartement-schiffer.at\/app\/wp-content\/uploads\/2020\/01\/20170823-unbenannt-1307-Bearbeitet_compressed-1-1536x1026.jpg 1536w, https:\/\/www.appartement-schiffer.at\/app\/wp-content\/uploads\/2020\/01\/20170823-unbenannt-1307-Bearbeitet_compressed-1.jpg 1920w\" sizes=\"auto, (max-width: 1024px) 100vw, 1024px\" \/><\/div><div class=\"gallery-box-item\"><img loading=\"lazy\" decoding=\"async\" width=\"1024\" height=\"684\" src=\"http:\/\/www.appartement-schiffer.at\/app\/wp-content\/uploads\/2020\/01\/20170823-unbenannt-1300-Bearbeitet_compressed-2-1024x684.jpg\" alt=\"\" data-id=\"249\" data-link=\"http:\/\/www.appartement-schiffer.at\/app\/?attachment_id=249\" class=\"wp-image-249\" srcset=\"https:\/\/www.appartement-schiffer.at\/app\/wp-content\/uploads\/2020\/01\/20170823-unbenannt-1300-Bearbeitet_compressed-2-1024x684.jpg 1024w, https:\/\/www.appartement-schiffer.at\/app\/wp-content\/uploads\/2020\/01\/20170823-unbenannt-1300-Bearbeitet_compressed-2-300x200.jpg 300w, https:\/\/www.appartement-schiffer.at\/app\/wp-content\/uploads\/2020\/01\/20170823-unbenannt-1300-Bearbeitet_compressed-2-768x513.jpg 768w, https:\/\/www.appartement-schiffer.at\/app\/wp-content\/uploads\/2020\/01\/20170823-unbenannt-1300-Bearbeitet_compressed-2-1536x1026.jpg 1536w, https:\/\/www.appartement-schiffer.at\/app\/wp-content\/uploads\/2020\/01\/20170823-unbenannt-1300-Bearbeitet_compressed-2.jpg 1920w\" sizes=\"auto, (max-width: 1024px) 100vw, 1024px\" \/><\/div><\/div><div class=\"gosign-gallery-box-thumbnail\" data-slick=\"{&quot;slidesToShow&quot;:3,&quot;slidesToScroll&quot;:1,&quot;arrows&quot;:true,&quot;dots&quot;:false,&quot;infinite&quot;:true,&quot;autoplay&quot;:true,&quot;autoplaySpeed&quot;:3000,&quot;asNavFor&quot;:&quot;.gosign-gallery-box-block&quot;,&quot;focusOnSelect&quot;:true,&quot;variableWidth&quot;:true}\"><div class=\"gallery-thumbnail-item\"><img loading=\"lazy\" decoding=\"async\" width=\"1024\" height=\"684\" src=\"http:\/\/www.appartement-schiffer.at\/app\/wp-content\/uploads\/2020\/01\/20170823-unbenannt-1312-Bearbeitet_compressed-1-1024x684.jpg\" alt=\"\" data-id=\"254\" data-link=\"http:\/\/www.appartement-schiffer.at\/app\/?attachment_id=254\" class=\"wp-image-254\" srcset=\"https:\/\/www.appartement-schiffer.at\/app\/wp-content\/uploads\/2020\/01\/20170823-unbenannt-1312-Bearbeitet_compressed-1-1024x684.jpg 1024w, https:\/\/www.appartement-schiffer.at\/app\/wp-content\/uploads\/2020\/01\/20170823-unbenannt-1312-Bearbeitet_compressed-1-300x200.jpg 300w, https:\/\/www.appartement-schiffer.at\/app\/wp-content\/uploads\/2020\/01\/20170823-unbenannt-1312-Bearbeitet_compressed-1-768x513.jpg 768w, https:\/\/www.appartement-schiffer.at\/app\/wp-content\/uploads\/2020\/01\/20170823-unbenannt-1312-Bearbeitet_compressed-1-1536x1026.jpg 1536w, https:\/\/www.appartement-schiffer.at\/app\/wp-content\/uploads\/2020\/01\/20170823-unbenannt-1312-Bearbeitet_compressed-1.jpg 1920w\" sizes=\"auto, (max-width: 1024px) 100vw, 1024px\" \/><\/div><div class=\"gallery-thumbnail-item\"><img loading=\"lazy\" decoding=\"async\" width=\"1024\" height=\"684\" src=\"http:\/\/www.appartement-schiffer.at\/app\/wp-content\/uploads\/2020\/01\/20170823-unbenannt-1314-Bearbeitet_compressed-1-1024x684.jpg\" alt=\"\" data-id=\"255\" data-link=\"http:\/\/www.appartement-schiffer.at\/app\/?attachment_id=255\" class=\"wp-image-255\" srcset=\"https:\/\/www.appartement-schiffer.at\/app\/wp-content\/uploads\/2020\/01\/20170823-unbenannt-1314-Bearbeitet_compressed-1-1024x684.jpg 1024w, https:\/\/www.appartement-schiffer.at\/app\/wp-content\/uploads\/2020\/01\/20170823-unbenannt-1314-Bearbeitet_compressed-1-300x200.jpg 300w, https:\/\/www.appartement-schiffer.at\/app\/wp-content\/uploads\/2020\/01\/20170823-unbenannt-1314-Bearbeitet_compressed-1-768x513.jpg 768w, https:\/\/www.appartement-schiffer.at\/app\/wp-content\/uploads\/2020\/01\/20170823-unbenannt-1314-Bearbeitet_compressed-1-1536x1026.jpg 1536w, https:\/\/www.appartement-schiffer.at\/app\/wp-content\/uploads\/2020\/01\/20170823-unbenannt-1314-Bearbeitet_compressed-1.jpg 1920w\" sizes=\"auto, (max-width: 1024px) 100vw, 1024px\" \/><\/div><div class=\"gallery-thumbnail-item\"><img loading=\"lazy\" decoding=\"async\" width=\"1024\" height=\"684\" src=\"http:\/\/www.appartement-schiffer.at\/app\/wp-content\/uploads\/2020\/01\/20170823-unbenannt-1310-Bearbeitet_compressed-1-1024x684.jpg\" alt=\"\" data-id=\"253\" data-link=\"http:\/\/www.appartement-schiffer.at\/app\/?attachment_id=253\" class=\"wp-image-253\" srcset=\"https:\/\/www.appartement-schiffer.at\/app\/wp-content\/uploads\/2020\/01\/20170823-unbenannt-1310-Bearbeitet_compressed-1-1024x684.jpg 1024w, https:\/\/www.appartement-schiffer.at\/app\/wp-content\/uploads\/2020\/01\/20170823-unbenannt-1310-Bearbeitet_compressed-1-300x200.jpg 300w, https:\/\/www.appartement-schiffer.at\/app\/wp-content\/uploads\/2020\/01\/20170823-unbenannt-1310-Bearbeitet_compressed-1-768x513.jpg 768w, https:\/\/www.appartement-schiffer.at\/app\/wp-content\/uploads\/2020\/01\/20170823-unbenannt-1310-Bearbeitet_compressed-1-1536x1026.jpg 1536w, https:\/\/www.appartement-schiffer.at\/app\/wp-content\/uploads\/2020\/01\/20170823-unbenannt-1310-Bearbeitet_compressed-1.jpg 1920w\" sizes=\"auto, (max-width: 1024px) 100vw, 1024px\" \/><\/div><div class=\"gallery-thumbnail-item\"><img loading=\"lazy\" decoding=\"async\" width=\"1024\" height=\"684\" src=\"http:\/\/www.appartement-schiffer.at\/app\/wp-content\/uploads\/2020\/01\/20170823-unbenannt-1316-Bearbeitet_compressed-1-1024x684.jpg\" alt=\"\" data-id=\"256\" data-link=\"http:\/\/www.appartement-schiffer.at\/app\/?attachment_id=256\" class=\"wp-image-256\" srcset=\"https:\/\/www.appartement-schiffer.at\/app\/wp-content\/uploads\/2020\/01\/20170823-unbenannt-1316-Bearbeitet_compressed-1-1024x684.jpg 1024w, https:\/\/www.appartement-schiffer.at\/app\/wp-content\/uploads\/2020\/01\/20170823-unbenannt-1316-Bearbeitet_compressed-1-300x200.jpg 300w, https:\/\/www.appartement-schiffer.at\/app\/wp-content\/uploads\/2020\/01\/20170823-unbenannt-1316-Bearbeitet_compressed-1-768x513.jpg 768w, https:\/\/www.appartement-schiffer.at\/app\/wp-content\/uploads\/2020\/01\/20170823-unbenannt-1316-Bearbeitet_compressed-1-1536x1026.jpg 1536w, https:\/\/www.appartement-schiffer.at\/app\/wp-content\/uploads\/2020\/01\/20170823-unbenannt-1316-Bearbeitet_compressed-1.jpg 1920w\" sizes=\"auto, (max-width: 1024px) 100vw, 1024px\" \/><\/div><div class=\"gallery-thumbnail-item\"><img loading=\"lazy\" decoding=\"async\" width=\"1024\" height=\"684\" src=\"http:\/\/www.appartement-schiffer.at\/app\/wp-content\/uploads\/2020\/01\/20170823-unbenannt-1298-Bearbeitet_compressed-1-1024x684.jpg\" alt=\"\" data-id=\"248\" data-link=\"http:\/\/www.appartement-schiffer.at\/app\/?attachment_id=248\" class=\"wp-image-248\" srcset=\"https:\/\/www.appartement-schiffer.at\/app\/wp-content\/uploads\/2020\/01\/20170823-unbenannt-1298-Bearbeitet_compressed-1-1024x684.jpg 1024w, https:\/\/www.appartement-schiffer.at\/app\/wp-content\/uploads\/2020\/01\/20170823-unbenannt-1298-Bearbeitet_compressed-1-300x200.jpg 300w, https:\/\/www.appartement-schiffer.at\/app\/wp-content\/uploads\/2020\/01\/20170823-unbenannt-1298-Bearbeitet_compressed-1-768x513.jpg 768w, https:\/\/www.appartement-schiffer.at\/app\/wp-content\/uploads\/2020\/01\/20170823-unbenannt-1298-Bearbeitet_compressed-1-1536x1026.jpg 1536w, https:\/\/www.appartement-schiffer.at\/app\/wp-content\/uploads\/2020\/01\/20170823-unbenannt-1298-Bearbeitet_compressed-1.jpg 1920w\" sizes=\"auto, (max-width: 1024px) 100vw, 1024px\" \/><\/div><div class=\"gallery-thumbnail-item\"><img loading=\"lazy\" decoding=\"async\" width=\"1024\" height=\"684\" src=\"http:\/\/www.appartement-schiffer.at\/app\/wp-content\/uploads\/2020\/01\/20170823-unbenannt-1291-Bearbeitet_compressed-1-1024x684.jpg\" alt=\"\" data-id=\"247\" data-link=\"http:\/\/www.appartement-schiffer.at\/app\/?attachment_id=247\" class=\"wp-image-247\" srcset=\"https:\/\/www.appartement-schiffer.at\/app\/wp-content\/uploads\/2020\/01\/20170823-unbenannt-1291-Bearbeitet_compressed-1-1024x684.jpg 1024w, https:\/\/www.appartement-schiffer.at\/app\/wp-content\/uploads\/2020\/01\/20170823-unbenannt-1291-Bearbeitet_compressed-1-300x200.jpg 300w, https:\/\/www.appartement-schiffer.at\/app\/wp-content\/uploads\/2020\/01\/20170823-unbenannt-1291-Bearbeitet_compressed-1-768x513.jpg 768w, https:\/\/www.appartement-schiffer.at\/app\/wp-content\/uploads\/2020\/01\/20170823-unbenannt-1291-Bearbeitet_compressed-1-1536x1026.jpg 1536w, https:\/\/www.appartement-schiffer.at\/app\/wp-content\/uploads\/2020\/01\/20170823-unbenannt-1291-Bearbeitet_compressed-1.jpg 1920w\" sizes=\"auto, (max-width: 1024px) 100vw, 1024px\" \/><\/div><div class=\"gallery-thumbnail-item\"><img loading=\"lazy\" decoding=\"async\" width=\"1024\" height=\"684\" src=\"http:\/\/www.appartement-schiffer.at\/app\/wp-content\/uploads\/2020\/01\/20170823-unbenannt-1306-Bearbeitet_compressed-1-1024x684.jpg\" alt=\"\" data-id=\"251\" data-link=\"http:\/\/www.appartement-schiffer.at\/app\/?attachment_id=251\" class=\"wp-image-251\" srcset=\"https:\/\/www.appartement-schiffer.at\/app\/wp-content\/uploads\/2020\/01\/20170823-unbenannt-1306-Bearbeitet_compressed-1-1024x684.jpg 1024w, https:\/\/www.appartement-schiffer.at\/app\/wp-content\/uploads\/2020\/01\/20170823-unbenannt-1306-Bearbeitet_compressed-1-300x200.jpg 300w, https:\/\/www.appartement-schiffer.at\/app\/wp-content\/uploads\/2020\/01\/20170823-unbenannt-1306-Bearbeitet_compressed-1-768x513.jpg 768w, https:\/\/www.appartement-schiffer.at\/app\/wp-content\/uploads\/2020\/01\/20170823-unbenannt-1306-Bearbeitet_compressed-1-1536x1026.jpg 1536w, https:\/\/www.appartement-schiffer.at\/app\/wp-content\/uploads\/2020\/01\/20170823-unbenannt-1306-Bearbeitet_compressed-1.jpg 1920w\" sizes=\"auto, (max-width: 1024px) 100vw, 1024px\" \/><\/div><div class=\"gallery-thumbnail-item\"><img loading=\"lazy\" decoding=\"async\" width=\"1024\" height=\"684\" src=\"http:\/\/www.appartement-schiffer.at\/app\/wp-content\/uploads\/2020\/01\/20170823-unbenannt-1301-Bearbeitet_compressed-1-1024x684.jpg\" alt=\"\" data-id=\"250\" data-link=\"http:\/\/www.appartement-schiffer.at\/app\/?attachment_id=250\" class=\"wp-image-250\" srcset=\"https:\/\/www.appartement-schiffer.at\/app\/wp-content\/uploads\/2020\/01\/20170823-unbenannt-1301-Bearbeitet_compressed-1-1024x684.jpg 1024w, https:\/\/www.appartement-schiffer.at\/app\/wp-content\/uploads\/2020\/01\/20170823-unbenannt-1301-Bearbeitet_compressed-1-300x200.jpg 300w, https:\/\/www.appartement-schiffer.at\/app\/wp-content\/uploads\/2020\/01\/20170823-unbenannt-1301-Bearbeitet_compressed-1-768x513.jpg 768w, https:\/\/www.appartement-schiffer.at\/app\/wp-content\/uploads\/2020\/01\/20170823-unbenannt-1301-Bearbeitet_compressed-1-1536x1026.jpg 1536w, https:\/\/www.appartement-schiffer.at\/app\/wp-content\/uploads\/2020\/01\/20170823-unbenannt-1301-Bearbeitet_compressed-1.jpg 1920w\" sizes=\"auto, (max-width: 1024px) 100vw, 1024px\" \/><\/div><div class=\"gallery-thumbnail-item\"><img loading=\"lazy\" decoding=\"async\" width=\"1024\" height=\"684\" src=\"http:\/\/www.appartement-schiffer.at\/app\/wp-content\/uploads\/2020\/01\/20170823-unbenannt-1307-Bearbeitet_compressed-1-1024x684.jpg\" alt=\"\" data-id=\"252\" data-link=\"http:\/\/www.appartement-schiffer.at\/app\/?attachment_id=252\" class=\"wp-image-252\" srcset=\"https:\/\/www.appartement-schiffer.at\/app\/wp-content\/uploads\/2020\/01\/20170823-unbenannt-1307-Bearbeitet_compressed-1-1024x684.jpg 1024w, https:\/\/www.appartement-schiffer.at\/app\/wp-content\/uploads\/2020\/01\/20170823-unbenannt-1307-Bearbeitet_compressed-1-300x200.jpg 300w, https:\/\/www.appartement-schiffer.at\/app\/wp-content\/uploads\/2020\/01\/20170823-unbenannt-1307-Bearbeitet_compressed-1-768x513.jpg 768w, https:\/\/www.appartement-schiffer.at\/app\/wp-content\/uploads\/2020\/01\/20170823-unbenannt-1307-Bearbeitet_compressed-1-1536x1026.jpg 1536w, https:\/\/www.appartement-schiffer.at\/app\/wp-content\/uploads\/2020\/01\/20170823-unbenannt-1307-Bearbeitet_compressed-1.jpg 1920w\" sizes=\"auto, (max-width: 1024px) 100vw, 1024px\" \/><\/div><div class=\"gallery-thumbnail-item\"><img loading=\"lazy\" decoding=\"async\" width=\"1024\" height=\"684\" src=\"http:\/\/www.appartement-schiffer.at\/app\/wp-content\/uploads\/2020\/01\/20170823-unbenannt-1300-Bearbeitet_compressed-2-1024x684.jpg\" alt=\"\" data-id=\"249\" data-link=\"http:\/\/www.appartement-schiffer.at\/app\/?attachment_id=249\" class=\"wp-image-249\" srcset=\"https:\/\/www.appartement-schiffer.at\/app\/wp-content\/uploads\/2020\/01\/20170823-unbenannt-1300-Bearbeitet_compressed-2-1024x684.jpg 1024w, https:\/\/www.appartement-schiffer.at\/app\/wp-content\/uploads\/2020\/01\/20170823-unbenannt-1300-Bearbeitet_compressed-2-300x200.jpg 300w, https:\/\/www.appartement-schiffer.at\/app\/wp-content\/uploads\/2020\/01\/20170823-unbenannt-1300-Bearbeitet_compressed-2-768x513.jpg 768w, https:\/\/www.appartement-schiffer.at\/app\/wp-content\/uploads\/2020\/01\/20170823-unbenannt-1300-Bearbeitet_compressed-2-1536x1026.jpg 1536w, https:\/\/www.appartement-schiffer.at\/app\/wp-content\/uploads\/2020\/01\/20170823-unbenannt-1300-Bearbeitet_compressed-2.jpg 1920w\" sizes=\"auto, (max-width: 1024px) 100vw, 1024px\" \/><\/div><\/div><\/div>\n\n\n\n<div class=\"wp-block-columns is-layout-flex wp-container-core-columns-is-layout-9d6595d7 wp-block-columns-is-layout-flex\">\n<div class=\"wp-block-column is-layout-flow wp-block-column-is-layout-flow\">\n<h4 class=\"wp-block-heading\"><br><\/h4>\n<\/div>\n\n\n\n<div class=\"wp-block-column is-layout-flow wp-block-column-is-layout-flow\">\n<h4 class=\"wp-block-heading\"><br><\/h4>\n\n\n\n<p><\/p>\n\n\n\n<p><br><br><\/p>\n\n\n\n<p><\/p>\n\n\n\n<p> <\/p>\n\n\n\n<p><\/p>\n<\/div>\n<\/div>\n\n\n\n<p><\/p>\n\n\n\n<p><\/p>\n\n\n\n<div class=\"wp-block-button aligncenter\"><a class=\"wp-block-button__link has-vivid-cyan-blue-background-color has-background\" href=\"https:\/\/web4.deskline.net\/accoktn\/de\/accommodation\/detail\/KTN\/3801c6d8-e928-4b23-ba33-270c163c149c\/appartements_schiffer_kremserwirt?customToolboxHide=true&amp;lkcs=02LIMA021\" style=\"border-radius:10px\">Jetzt buchen<\/a><\/div>\n","protected":false},"excerpt":{"rendered":"<p>Dieses Appartement befindet sich in einem anderen Haus, etwa 1,5 km entfernt direkt im Zentrum von Innerkrems. Kapazit\u00e4t max: 5 Personen,ca. 45 m\u00b2,1.Untergeschoss K\u00fcche: kombiniert mit Essbereich und Wohnraum, 2x Kochfeld, Schr\u00e4nke, K\u00fchlschrank mit Gefrierfach, Filter Kaffeemaschine, Wasserkocher und Geschirr Bad: mit Badewanne-Waschbecken und Toilette Wohnzimmer: Sitzgarnitur, ausziehbare Couch und TV Vorraum: mit GarderobeSchlafzimmer:mit 1 [&hellip;]<\/p>\n","protected":false},"author":1,"featured_media":0,"parent":87,"menu_order":0,"comment_status":"closed","ping_status":"closed","template":"","meta":{"footnotes":""},"class_list":["post-298","page","type-page","status-publish","hentry"],"_links":{"self":[{"href":"https:\/\/www.appartement-schiffer.at\/app\/index.php?rest_route=\/wp\/v2\/pages\/298","targetHints":{"allow":["GET"]}}],"collection":[{"href":"https:\/\/www.appartement-schiffer.at\/app\/index.php?rest_route=\/wp\/v2\/pages"}],"about":[{"href":"https:\/\/www.appartement-schiffer.at\/app\/index.php?rest_route=\/wp\/v2\/types\/page"}],"author":[{"embeddable":true,"href":"https:\/\/www.appartement-schiffer.at\/app\/index.php?rest_route=\/wp\/v2\/users\/1"}],"replies":[{"embeddable":true,"href":"https:\/\/www.appartement-schiffer.at\/app\/index.php?rest_route=%2Fwp%2Fv2%2Fcomments&post=298"}],"version-history":[{"count":23,"href":"https:\/\/www.appartement-schiffer.at\/app\/index.php?rest_route=\/wp\/v2\/pages\/298\/revisions"}],"predecessor-version":[{"id":846,"href":"https:\/\/www.appartement-schiffer.at\/app\/index.php?rest_route=\/wp\/v2\/pages\/298\/revisions\/846"}],"up":[{"embeddable":true,"href":"https:\/\/www.appartement-schiffer.at\/app\/index.php?rest_route=\/wp\/v2\/pages\/87"}],"wp:attachment":[{"href":"https:\/\/www.appartement-schiffer.at\/app\/index.php?rest_route=%2Fwp%2Fv2%2Fmedia&parent=298"}],"curies":[{"name":"wp","href":"https:\/\/api.w.org\/{rel}","templated":true}]}}